
{"id":841,"date":"2013-01-25T19:12:50","date_gmt":"2013-01-25T18:12:50","guid":{"rendered":"http:\/\/www.canaldumidi.com\/Publications\/?page_id=841"},"modified":"2013-01-25T19:12:50","modified_gmt":"2013-01-25T18:12:50","slug":"connectez-vous","status":"publish","type":"page","link":"https:\/\/www.canaldumidi.com\/Publications\/connectez-vous\/","title":{"rendered":"Connectez vous"},"content":{"rendered":"<p>Pour b\u00e9n\u00e9ficier pleinement de ce blog, je vous conseille de vous inscrire, cela permettra l&rsquo;acc\u00e8s \u00e0 d&rsquo;autres textes et d&rsquo;autres images&#8230;<\/p>\n","protected":false},"excerpt":{"rendered":"<p>Pour b\u00e9n\u00e9ficier pleinement de ce blog, je vous conseille de vous inscrire, cela permettra l&rsquo;acc\u00e8s \u00e0 d&rsquo;autres textes et d&rsquo;autres images&#8230;<\/p>\n","protected":false},"author":1,"featured_media":0,"parent":0,"menu_order":0,"comment_status":"open","ping_status":"closed","template":"modeles\/login.php","meta":{"footnotes":""},"class_list":["post-841","page","type-page","status-publish","hentry"],"_links":{"self":[{"href":"https:\/\/www.canaldumidi.com\/Publications\/wp-json\/wp\/v2\/pages\/841","targetHints":{"allow":["GET"]}}],"collection":[{"href":"https:\/\/www.canaldumidi.com\/Publications\/wp-json\/wp\/v2\/pages"}],"about":[{"href":"https:\/\/www.canaldumidi.com\/Publications\/wp-json\/wp\/v2\/types\/page"}],"author":[{"embeddable":true,"href":"https:\/\/www.canaldumidi.com\/Publications\/wp-json\/wp\/v2\/users\/1"}],"replies":[{"embeddable":true,"href":"https:\/\/www.canaldumidi.com\/Publications\/wp-json\/wp\/v2\/comments?post=841"}],"version-history":[{"count":0,"href":"https:\/\/www.canaldumidi.com\/Publications\/wp-json\/wp\/v2\/pages\/841\/revisions"}],"wp:attachment":[{"href":"https:\/\/www.canaldumidi.com\/Publications\/wp-json\/wp\/v2\/media?parent=841"}],"curies":[{"name":"wp","href":"https:\/\/api.w.org\/{rel}","templated":true}]}}